{"id":99,"date":"2016-10-31T09:26:41","date_gmt":"2016-10-31T09:26:41","guid":{"rendered":"http:\/\/staging-1656916561.bruksskolan.org\/?page_id=99"},"modified":"2023-12-06T13:06:04","modified_gmt":"2023-12-06T12:06:04","slug":"pedagogik","status":"publish","type":"page","link":"https:\/\/bruksskolan.org\/en\/pedagogik\/","title":{"rendered":"Pedagogy"},"content":{"rendered":"<p>[et_pb_section fb_built=&#8221;1&#8243; _builder_version=&#8221;4.17.4&#8243; _module_preset=&#8221;default&#8221; global_colors_info=&#8221;{}&#8221;][et_pb_row _builder_version=&#8221;4.17.4&#8243; _module_preset=&#8221;default&#8221; custom_margin=&#8221;-54px|auto|-54px|auto|true|&#8221; global_colors_info=&#8221;{}&#8221;][et_pb_column type=&#8221;4_4&#8243; _builder_version=&#8221;4.17.4&#8243; _module_preset=&#8221;default&#8221; global_colors_info=&#8221;{}&#8221;][et_pb_text _builder_version=&#8221;4.17.4&#8243; _module_preset=&#8221;default&#8221; text_font=&#8221;Rubik|700|||||||&#8221; text_text_color=&#8221;#0063AA&#8221; text_font_size=&#8221;40px&#8221; text_orientation=&#8221;center&#8221; animation_style=&#8221;slide&#8221; animation_direction=&#8221;bottom&#8221; animation_intensity_slide=&#8221;1%&#8221; global_colors_info=&#8221;{}&#8221;]<\/p>\n<p>Pedagogik<\/p>\n<p>[\/et_pb_text][et_pb_divider _builder_version=&#8221;4.17.4&#8243; _module_preset=&#8221;d0356a52-abdf-460f-9180-64eff98cef19&#8243; custom_margin=&#8221;||-22px|||&#8221; global_colors_info=&#8221;{}&#8221;][\/et_pb_divider][\/et_pb_column][\/et_pb_row][\/et_pb_section][et_pb_section fb_built=&#8221;1&#8243; _builder_version=&#8221;4.17.4&#8243; _module_preset=&#8221;default&#8221; custom_margin=&#8221;||-2px|||&#8221; custom_padding=&#8221;2px||60px|||&#8221; global_colors_info=&#8221;{}&#8221;][et_pb_row column_structure=&#8221;1_2,1_2&#8243; _builder_version=&#8221;4.17.4&#8243; _module_preset=&#8221;default&#8221; custom_padding=&#8221;3px|||||&#8221; global_colors_info=&#8221;{}&#8221;][et_pb_column type=&#8221;1_2&#8243; _builder_version=&#8221;4.17.4&#8243; _module_preset=&#8221;default&#8221; global_colors_info=&#8221;{}&#8221;][et_pb_blurb title=&#8221;V\u00e4xa i kunskap&#8221; image=&#8221;http:\/\/bruksskolan.org\/wp-content\/uploads\/2022\/07\/BS7-scaled.jpg&#8221; _builder_version=&#8221;4.21.0&#8243; _module_preset=&#8221;25b883ef-d6aa-4df6-8ae4-9c2790bf173a&#8221; header_text_align=&#8221;left&#8221; body_text_align=&#8221;left&#8221; animation=&#8221;off&#8221; hover_enabled=&#8221;0&#8243; border_radii_image=&#8221;on|10px|10px|10px|10px&#8221; global_colors_info=&#8221;{}&#8221; sticky_enabled=&#8221;0&#8243;]<\/p>\n<p><span>\u201cUtforskande, nyfikenhet och lust att l\u00e4ra ska utg\u00f6ra en grund f\u00f6r skolans verksamhet\u201d (Lgr 22). Vi arbetar f\u00f6r att varje elev ska f\u00e5 utveckla sina kunskaper s\u00e5 l\u00e5ngt som m\u00f6jligt.<\/span><\/p>\n<p>[\/et_pb_blurb][\/et_pb_column][et_pb_column type=&#8221;1_2&#8243; _builder_version=&#8221;4.17.4&#8243; _module_preset=&#8221;default&#8221; global_colors_info=&#8221;{}&#8221;][et_pb_blurb title=&#8221;V\u00e4xa i kreativitet&#8221; image=&#8221;http:\/\/bruksskolan.org\/wp-content\/uploads\/2022\/07\/Kreativitet-beskuren-1-scaled.jpg&#8221; _builder_version=&#8221;4.17.4&#8243; _module_preset=&#8221;25b883ef-d6aa-4df6-8ae4-9c2790bf173a&#8221; custom_padding=&#8221;0px|0px|0px|0px|true|true&#8221; animation=&#8221;off&#8221; border_color_all=&#8221;RGBA(255,255,255,0)&#8221; border_radii_image=&#8221;on|10px|10px|10px|10px&#8221; global_colors_info=&#8221;{}&#8221;]<\/p>\n<p><span>I undervisningen anv\u00e4nds estetiska uttryckss\u00e4tt och skapande arbetss\u00e4tt f\u00f6r att stimulera elevens kreativitet och ge fler ing\u00e5ngar till kunskap.<\/span><\/p>\n<p>[\/et_pb_blurb][\/et_pb_column][\/et_pb_row][et_pb_row column_structure=&#8221;1_2,1_2&#8243; disabled_on=&#8221;on|on|off&#8221; _builder_version=&#8221;4.17.4&#8243; _module_preset=&#8221;default&#8221; custom_padding=&#8221;17px|||||&#8221; global_colors_info=&#8221;{}&#8221;][et_pb_column type=&#8221;1_2&#8243; _builder_version=&#8221;4.17.4&#8243; _module_preset=&#8221;default&#8221; global_colors_info=&#8221;{}&#8221;][et_pb_divider disabled_on=&#8221;on|on|off&#8221; _builder_version=&#8221;4.17.4&#8243; _module_preset=&#8221;default&#8221; global_colors_info=&#8221;{}&#8221;][\/et_pb_divider][\/et_pb_column][et_pb_column type=&#8221;1_2&#8243; _builder_version=&#8221;4.17.4&#8243; _module_preset=&#8221;default&#8221; global_colors_info=&#8221;{}&#8221;][et_pb_divider disabled_on=&#8221;on|on|off&#8221; _builder_version=&#8221;4.17.4&#8243; _module_preset=&#8221;default&#8221; global_colors_info=&#8221;{}&#8221;][\/et_pb_divider][\/et_pb_column][\/et_pb_row][et_pb_row _builder_version=&#8221;4.21.0&#8243; _module_preset=&#8221;default&#8221; custom_padding=&#8221;0px|||||&#8221; hover_enabled=&#8221;0&#8243; global_colors_info=&#8221;{}&#8221; sticky_enabled=&#8221;0&#8243;][et_pb_column type=&#8221;4_4&#8243; _builder_version=&#8221;4.17.4&#8243; _module_preset=&#8221;default&#8221; global_colors_info=&#8221;{}&#8221;][et_pb_blurb title=&#8221;V\u00e4xa i ansvar&#8221; image=&#8221;http:\/\/bruksskolan.org\/wp-content\/uploads\/2022\/07\/BS6-scaled.jpg&#8221; _builder_version=&#8221;4.17.4&#8243; _module_preset=&#8221;25b883ef-d6aa-4df6-8ae4-9c2790bf173a&#8221; animation=&#8221;off&#8221; border_radii_image=&#8221;on|10px|10px|10px|10px&#8221; global_colors_info=&#8221;{}&#8221;]<\/p>\n<p><span>V\u00e5r m\u00e5ls\u00e4ttning \u00e4r att varje elev tar ett personligt ansvar f\u00f6r sina studier och sin arbetsmilj\u00f6. Inflytande anpassas efter elevens \u00e5lder och mognad. Ansvar och inflytande f\u00f6rbereder eleverna f\u00f6r att leva och verka i samh\u00e4llet som demokratiska medborgare. Elevinflytande fr\u00e4mjar elevernas f\u00f6rm\u00e5ga att ta eget ansvar och \u00f6kar lusten att l\u00e4ra.<\/span><\/p>\n<p>[\/et_pb_blurb][\/et_pb_column][\/et_pb_row][\/et_pb_section]<\/p>\n","protected":false},"excerpt":{"rendered":"<p>Pedagogik\u201cUtforskande, nyfikenhet och lust att l\u00e4ra ska utg\u00f6ra en grund f\u00f6r skolans verksamhet\u201d (Lgr 22). Vi arbetar f\u00f6r att varje elev ska f\u00e5 utveckla sina kunskaper s\u00e5 l\u00e5ngt som m\u00f6jligt.I undervisningen anv\u00e4nds estetiska uttryckss\u00e4tt och skapande arbetss\u00e4tt f\u00f6r att stimulera elevens kreativitet och ge fler ing\u00e5ngar till kunskap.V\u00e5r m\u00e5ls\u00e4ttning \u00e4r att varje elev tar ett [&hellip;]<\/p>\n","protected":false},"author":1,"featured_media":223,"parent":0,"menu_order":0,"comment_status":"closed","ping_status":"closed","template":"","meta":{"_et_pb_use_builder":"on","_et_pb_old_content":"<strong> V\u00e4xa i kunskap <\/strong>\r\n\"Utforskande, nyfikenhet och lust att l\u00e4ra ska utg\u00f6ra en grund f\u00f6r skolans verksamhet\" (Lgr 11). Vi arbetar f\u00f6r att varje elev ska f\u00e5 utveckla sina kunskaper s\u00e5 l\u00e5ngt som m\u00f6jligt.\r\n\r\n<strong> V\u00e4xa i kreativitet <\/strong> \r\nI undervisningen anv\u00e4nds estetiska uttryckss\u00e4tt och skapande arbetss\u00e4tt f\u00f6r att stimulera elevens kreativitet och ge fler ing\u00e5ngar till kunskap.\r\n\r\n<strong> V\u00e4xa i ansvar <\/strong>\r\nV\u00e5r m\u00e5ls\u00e4ttning \u00e4r att varje elev tar ett personligt ansvar f\u00f6r sina studier och sin arbetsmilj\u00f6. Inflytande anpassas efter elevens \u00e5lder och mognad. Ansvar och inflytande f\u00f6rbereder eleverna f\u00f6r att leva och verka i samh\u00e4llet som demokratiska medborgare. Elevinflytande fr\u00e4mjar elevernas f\u00f6rm\u00e5ga att ta eget ansvar och \u00f6kar lusten att l\u00e4ra.\r\n\r\n<strong>V\u00e4xa som medm\u00e4nniska<\/strong>\r\n\"Skolan ska fr\u00e4mja f\u00f6rst\u00e5else f\u00f6r andra m\u00e4nniskor och f\u00f6rm\u00e5ga till inlevelse. Omsorg om den enskildes v\u00e4lbefinnande och utvecklings ska pr\u00e4gla verksamheten.\" (Lgr 11). Vi vill fr\u00e4mja ett tillitsfullt klimat d\u00e4r f\u00f6rtroendefulla relationer mellan elever och personal bidrar till en trygg l\u00e4rmilj\u00f6. Alla elever ska k\u00e4nna sig \u00e4lskade och v\u00e4rdefulla, inte f\u00f6r vad de g\u00f6r utan f\u00f6r vilka de \u00e4r.","_et_gb_content_width":"","footnotes":""},"class_list":["post-99","page","type-page","status-publish","has-post-thumbnail","hentry"],"yoast_head":"<!-- This site is optimized with the Yoast SEO plugin v27.4 - https:\/\/yoast.com\/product\/yoast-seo-wordpress\/ -->\n<title>Pedagogik - Bruksskolan<\/title>\n<meta name=\"description\" content=\"Bruksskolan i Ursvikens officiella webbsida - Hos oss f\u00e5r barnen v\u00e4xa i kunskap, kreativitet, ansvar och som medm\u00e4nniska\" \/>\n<meta name=\"robots\" content=\"index, follow, max-snippet:-1, max-image-preview:large, max-video-preview:-1\" \/>\n<link rel=\"canonical\" href=\"https:\/\/bruksskolan.org\/en\/pedagogik\/\" \/>\n<meta property=\"og:locale\" content=\"en_US\" \/>\n<meta property=\"og:type\" content=\"article\" \/>\n<meta property=\"og:title\" content=\"Pedagogik - Bruksskolan\" \/>\n<meta property=\"og:description\" content=\"Bruksskolan i Ursvikens officiella webbsida - Hos oss f\u00e5r barnen v\u00e4xa i kunskap, kreativitet, ansvar och som medm\u00e4nniska\" \/>\n<meta property=\"og:url\" content=\"https:\/\/bruksskolan.org\/en\/pedagogik\/\" \/>\n<meta property=\"og:site_name\" content=\"Bruksskolan\" \/>\n<meta property=\"article:publisher\" content=\"https:\/\/www.facebook.com\/bruksskolan.org\" \/>\n<meta property=\"article:modified_time\" content=\"2023-12-06T12:06:04+00:00\" \/>\n<meta property=\"og:image\" content=\"https:\/\/bruksskolan.org\/wp-content\/uploads\/2018\/02\/banner4.jpg\" \/>\n\t<meta property=\"og:image:width\" content=\"1254\" \/>\n\t<meta property=\"og:image:height\" content=\"520\" \/>\n\t<meta property=\"og:image:type\" content=\"image\/jpeg\" \/>\n<meta name=\"twitter:card\" content=\"summary_large_image\" \/>\n<script type=\"application\/ld+json\" class=\"yoast-schema-graph\">{\"@context\":\"https:\\\/\\\/schema.org\",\"@graph\":[{\"@type\":\"WebPage\",\"@id\":\"https:\\\/\\\/bruksskolan.org\\\/pedagogik\\\/\",\"url\":\"https:\\\/\\\/bruksskolan.org\\\/pedagogik\\\/\",\"name\":\"Pedagogik - Bruksskolan\",\"isPartOf\":{\"@id\":\"https:\\\/\\\/bruksskolan.org\\\/#website\"},\"primaryImageOfPage\":{\"@id\":\"https:\\\/\\\/bruksskolan.org\\\/pedagogik\\\/#primaryimage\"},\"image\":{\"@id\":\"https:\\\/\\\/bruksskolan.org\\\/pedagogik\\\/#primaryimage\"},\"thumbnailUrl\":\"https:\\\/\\\/bruksskolan.org\\\/wp-content\\\/uploads\\\/2018\\\/02\\\/banner4.jpg\",\"datePublished\":\"2016-10-31T09:26:41+00:00\",\"dateModified\":\"2023-12-06T12:06:04+00:00\",\"description\":\"Bruksskolan i Ursvikens officiella webbsida - Hos oss f\u00e5r barnen v\u00e4xa i kunskap, kreativitet, ansvar och som medm\u00e4nniska\",\"breadcrumb\":{\"@id\":\"https:\\\/\\\/bruksskolan.org\\\/pedagogik\\\/#breadcrumb\"},\"inLanguage\":\"en-US\",\"potentialAction\":[{\"@type\":\"ReadAction\",\"target\":[\"https:\\\/\\\/bruksskolan.org\\\/pedagogik\\\/\"]}]},{\"@type\":\"ImageObject\",\"inLanguage\":\"en-US\",\"@id\":\"https:\\\/\\\/bruksskolan.org\\\/pedagogik\\\/#primaryimage\",\"url\":\"https:\\\/\\\/bruksskolan.org\\\/wp-content\\\/uploads\\\/2018\\\/02\\\/banner4.jpg\",\"contentUrl\":\"https:\\\/\\\/bruksskolan.org\\\/wp-content\\\/uploads\\\/2018\\\/02\\\/banner4.jpg\",\"width\":1254,\"height\":520},{\"@type\":\"BreadcrumbList\",\"@id\":\"https:\\\/\\\/bruksskolan.org\\\/pedagogik\\\/#breadcrumb\",\"itemListElement\":[{\"@type\":\"ListItem\",\"position\":1,\"name\":\"Hem\",\"item\":\"https:\\\/\\\/bruksskolan.org\\\/\"},{\"@type\":\"ListItem\",\"position\":2,\"name\":\"Pedagogik\"}]},{\"@type\":\"WebSite\",\"@id\":\"https:\\\/\\\/bruksskolan.org\\\/#website\",\"url\":\"https:\\\/\\\/bruksskolan.org\\\/\",\"name\":\"Bruksskolan\",\"description\":\"\",\"publisher\":{\"@id\":\"https:\\\/\\\/bruksskolan.org\\\/#organization\"},\"potentialAction\":[{\"@type\":\"SearchAction\",\"target\":{\"@type\":\"EntryPoint\",\"urlTemplate\":\"https:\\\/\\\/bruksskolan.org\\\/?s={search_term_string}\"},\"query-input\":{\"@type\":\"PropertyValueSpecification\",\"valueRequired\":true,\"valueName\":\"search_term_string\"}}],\"inLanguage\":\"en-US\"},{\"@type\":\"Organization\",\"@id\":\"https:\\\/\\\/bruksskolan.org\\\/#organization\",\"name\":\"Bruksskolan\",\"url\":\"https:\\\/\\\/bruksskolan.org\\\/\",\"logo\":{\"@type\":\"ImageObject\",\"inLanguage\":\"en-US\",\"@id\":\"https:\\\/\\\/bruksskolan.org\\\/#\\\/schema\\\/logo\\\/image\\\/\",\"url\":\"http:\\\/\\\/bruksskolan.org\\\/wp-content\\\/uploads\\\/2022\\\/07\\\/Bruks-liggande.png\",\"contentUrl\":\"http:\\\/\\\/bruksskolan.org\\\/wp-content\\\/uploads\\\/2022\\\/07\\\/Bruks-liggande.png\",\"width\":809,\"height\":147,\"caption\":\"Bruksskolan\"},\"image\":{\"@id\":\"https:\\\/\\\/bruksskolan.org\\\/#\\\/schema\\\/logo\\\/image\\\/\"},\"sameAs\":[\"https:\\\/\\\/www.facebook.com\\\/bruksskolan.org\",\"https:\\\/\\\/www.instagram.com\\\/bruksskolan\\\/\"]}]}<\/script>\n<!-- \/ Yoast SEO plugin. -->","yoast_head_json":{"title":"Pedagogy - Brukskolan","description":"The official website of the Ursviken School of Crafts - With us, children can grow in knowledge, creativity, responsibility and as fellow human beings.","robots":{"index":"index","follow":"follow","max-snippet":"max-snippet:-1","max-image-preview":"max-image-preview:large","max-video-preview":"max-video-preview:-1"},"canonical":"https:\/\/bruksskolan.org\/en\/pedagogik\/","og_locale":"en_US","og_type":"article","og_title":"Pedagogik - Bruksskolan","og_description":"Bruksskolan i Ursvikens officiella webbsida - Hos oss f\u00e5r barnen v\u00e4xa i kunskap, kreativitet, ansvar och som medm\u00e4nniska","og_url":"https:\/\/bruksskolan.org\/en\/pedagogik\/","og_site_name":"Bruksskolan","article_publisher":"https:\/\/www.facebook.com\/bruksskolan.org","article_modified_time":"2023-12-06T12:06:04+00:00","og_image":[{"width":1254,"height":520,"url":"https:\/\/bruksskolan.org\/wp-content\/uploads\/2018\/02\/banner4.jpg","type":"image\/jpeg"}],"twitter_card":"summary_large_image","schema":{"@context":"https:\/\/schema.org","@graph":[{"@type":"WebPage","@id":"https:\/\/bruksskolan.org\/pedagogik\/","url":"https:\/\/bruksskolan.org\/pedagogik\/","name":"Pedagogy - Brukskolan","isPartOf":{"@id":"https:\/\/bruksskolan.org\/#website"},"primaryImageOfPage":{"@id":"https:\/\/bruksskolan.org\/pedagogik\/#primaryimage"},"image":{"@id":"https:\/\/bruksskolan.org\/pedagogik\/#primaryimage"},"thumbnailUrl":"https:\/\/bruksskolan.org\/wp-content\/uploads\/2018\/02\/banner4.jpg","datePublished":"2016-10-31T09:26:41+00:00","dateModified":"2023-12-06T12:06:04+00:00","description":"The official website of the Ursviken School of Crafts - With us, children can grow in knowledge, creativity, responsibility and as fellow human beings.","breadcrumb":{"@id":"https:\/\/bruksskolan.org\/pedagogik\/#breadcrumb"},"inLanguage":"en-US","potentialAction":[{"@type":"ReadAction","target":["https:\/\/bruksskolan.org\/pedagogik\/"]}]},{"@type":"ImageObject","inLanguage":"en-US","@id":"https:\/\/bruksskolan.org\/pedagogik\/#primaryimage","url":"https:\/\/bruksskolan.org\/wp-content\/uploads\/2018\/02\/banner4.jpg","contentUrl":"https:\/\/bruksskolan.org\/wp-content\/uploads\/2018\/02\/banner4.jpg","width":1254,"height":520},{"@type":"BreadcrumbList","@id":"https:\/\/bruksskolan.org\/pedagogik\/#breadcrumb","itemListElement":[{"@type":"ListItem","position":1,"name":"Hem","item":"https:\/\/bruksskolan.org\/"},{"@type":"ListItem","position":2,"name":"Pedagogik"}]},{"@type":"WebSite","@id":"https:\/\/bruksskolan.org\/#website","url":"https:\/\/bruksskolan.org\/","name":"Bruksskolan","description":"","publisher":{"@id":"https:\/\/bruksskolan.org\/#organization"},"potentialAction":[{"@type":"SearchAction","target":{"@type":"EntryPoint","urlTemplate":"https:\/\/bruksskolan.org\/?s={search_term_string}"},"query-input":{"@type":"PropertyValueSpecification","valueRequired":true,"valueName":"search_term_string"}}],"inLanguage":"en-US"},{"@type":"Organization","@id":"https:\/\/bruksskolan.org\/#organization","name":"Bruksskolan","url":"https:\/\/bruksskolan.org\/","logo":{"@type":"ImageObject","inLanguage":"en-US","@id":"https:\/\/bruksskolan.org\/#\/schema\/logo\/image\/","url":"http:\/\/bruksskolan.org\/wp-content\/uploads\/2022\/07\/Bruks-liggande.png","contentUrl":"http:\/\/bruksskolan.org\/wp-content\/uploads\/2022\/07\/Bruks-liggande.png","width":809,"height":147,"caption":"Bruksskolan"},"image":{"@id":"https:\/\/bruksskolan.org\/#\/schema\/logo\/image\/"},"sameAs":["https:\/\/www.facebook.com\/bruksskolan.org","https:\/\/www.instagram.com\/bruksskolan\/"]}]}},"_links":{"self":[{"href":"https:\/\/bruksskolan.org\/en\/wp-json\/wp\/v2\/pages\/99","targetHints":{"allow":["GET"]}}],"collection":[{"href":"https:\/\/bruksskolan.org\/en\/wp-json\/wp\/v2\/pages"}],"about":[{"href":"https:\/\/bruksskolan.org\/en\/wp-json\/wp\/v2\/types\/page"}],"author":[{"embeddable":true,"href":"https:\/\/bruksskolan.org\/en\/wp-json\/wp\/v2\/users\/1"}],"replies":[{"embeddable":true,"href":"https:\/\/bruksskolan.org\/en\/wp-json\/wp\/v2\/comments?post=99"}],"version-history":[{"count":5,"href":"https:\/\/bruksskolan.org\/en\/wp-json\/wp\/v2\/pages\/99\/revisions"}],"predecessor-version":[{"id":794,"href":"https:\/\/bruksskolan.org\/en\/wp-json\/wp\/v2\/pages\/99\/revisions\/794"}],"wp:featuredmedia":[{"embeddable":true,"href":"https:\/\/bruksskolan.org\/en\/wp-json\/wp\/v2\/media\/223"}],"wp:attachment":[{"href":"https:\/\/bruksskolan.org\/en\/wp-json\/wp\/v2\/media?parent=99"}],"curies":[{"name":"wp","href":"https:\/\/api.w.org\/{rel}","templated":true}]}}