{"id":95,"date":"2016-10-31T09:24:12","date_gmt":"2016-10-31T09:24:12","guid":{"rendered":"http:\/\/staging-1656916561.bruksskolan.org\/?page_id=95"},"modified":"2025-02-17T16:36:53","modified_gmt":"2025-02-17T15:36:53","slug":"vanliga-fragor-och-svar","status":"publish","type":"page","link":"https:\/\/bruksskolan.org\/en\/vanliga-fragor-och-svar\/","title":{"rendered":"Common questions and answers"},"content":{"rendered":"<p>[et_pb_section fb_built=&#8221;1&#8243; _builder_version=&#8221;4.17.4&#8243; _module_preset=&#8221;default&#8221; custom_padding=&#8221;3px||50px|||&#8221; global_colors_info=&#8221;{}&#8221;][et_pb_row _builder_version=&#8221;4.17.4&#8243; _module_preset=&#8221;default&#8221; global_colors_info=&#8221;{}&#8221;][et_pb_column type=&#8221;4_4&#8243; _builder_version=&#8221;4.17.4&#8243; _module_preset=&#8221;default&#8221; global_colors_info=&#8221;{}&#8221;][et_pb_text _builder_version=&#8221;4.17.4&#8243; _module_preset=&#8221;default&#8221; text_font=&#8221;Rubik|700|||||||&#8221; text_text_color=&#8221;#0063AA&#8221; text_font_size=&#8221;40px&#8221; text_orientation=&#8221;center&#8221; animation_style=&#8221;slide&#8221; animation_direction=&#8221;bottom&#8221; animation_intensity_slide=&#8221;1%&#8221; text_line_height_tablet=&#8221;&#8221; text_line_height_phone=&#8221;1em&#8221; text_line_height_last_edited=&#8221;on|phone&#8221; global_colors_info=&#8221;{}&#8221;]<\/p>\n<p>Vanliga fr\u00e5gor och svar<\/p>\n<p>[\/et_pb_text][et_pb_divider _builder_version=&#8221;4.17.4&#8243; _module_preset=&#8221;cb93e852-40a3-4c61-b923-ea989b2e79e1&#8243; custom_margin=&#8221;||-40px|||&#8221; global_colors_info=&#8221;{}&#8221;][\/et_pb_divider][\/et_pb_column][\/et_pb_row][et_pb_row column_structure=&#8221;1_2,1_2&#8243; _builder_version=&#8221;4.17.4&#8243; _module_preset=&#8221;default&#8221; global_colors_info=&#8221;{}&#8221;][et_pb_column type=&#8221;1_2&#8243; _builder_version=&#8221;4.17.4&#8243; _module_preset=&#8221;default&#8221; global_colors_info=&#8221;{}&#8221;][et_pb_text _builder_version=&#8221;4.17.4&#8243; _module_preset=&#8221;default&#8221; text_font=&#8221;Rubik|700|||||||&#8221; text_text_color=&#8221;#000000&#8243; text_font_size=&#8221;18px&#8221; text_orientation=&#8221;center&#8221; animation_style=&#8221;slide&#8221; animation_direction=&#8221;bottom&#8221; animation_intensity_slide=&#8221;1%&#8221; global_colors_info=&#8221;{}&#8221;]<\/p>\n<p>Om skolval och Bruksskolan<\/p>\n<p>[\/et_pb_text][\/et_pb_column][et_pb_column type=&#8221;1_2&#8243; _builder_version=&#8221;4.17.4&#8243; _module_preset=&#8221;default&#8221; global_colors_info=&#8221;{}&#8221;][et_pb_text disabled_on=&#8221;on|on|off&#8221; _builder_version=&#8221;4.17.4&#8243; _module_preset=&#8221;default&#8221; text_font=&#8221;Rubik|700|||||||&#8221; text_text_color=&#8221;#000000&#8243; text_font_size=&#8221;18px&#8221; text_orientation=&#8221;center&#8221; animation_style=&#8221;slide&#8221; animation_direction=&#8221;bottom&#8221; animation_intensity_slide=&#8221;1%&#8221; global_colors_info=&#8221;{}&#8221;]<\/p>\n<p>Praktiska fr\u00e5gor<\/p>\n<p>[\/et_pb_text][\/et_pb_column][\/et_pb_row][et_pb_row column_structure=&#8221;1_2,1_2&#8243; _builder_version=&#8221;4.17.4&#8243; _module_preset=&#8221;default&#8221; global_colors_info=&#8221;{}&#8221;][et_pb_column type=&#8221;1_2&#8243; _builder_version=&#8221;4.17.4&#8243; _module_preset=&#8221;default&#8221; global_colors_info=&#8221;{}&#8221;][et_pb_accordion open_toggle_text_color=&#8221;#0063AA&#8221; toggle_icon=&#8221;&#x3b;||divi||400&#8243; icon_color=&#8221;#0063AA&#8221; _builder_version=&#8221;4.21.0&#8243; _module_preset=&#8221;default&#8221; toggle_font=&#8221;|600|||||||&#8221; custom_margin=&#8221;-20px||||false|false&#8221; custom_margin_tablet=&#8221;-65px||||false|false&#8221; custom_margin_phone=&#8221;-65px||||false|false&#8221; custom_margin_last_edited=&#8221;on|tablet&#8221; animation_style=&#8221;zoom&#8221; animation_intensity_zoom=&#8221;10%&#8221; hover_enabled=&#8221;0&#8243; toggle_line_height_tablet=&#8221;&#8221; toggle_line_height_phone=&#8221;1.1em&#8221; toggle_line_height_last_edited=&#8221;on|phone&#8221; border_radii=&#8221;on|10px|10px|10px|10px&#8221; border_width_all=&#8221;2px&#8221; border_color_all=&#8221;#0063AA&#8221; global_colors_info=&#8221;{}&#8221; sticky_enabled=&#8221;0&#8243;][et_pb_accordion_item title=&#8221;Kan jag v\u00e4lja skola sj\u00e4lv?&#8221; _builder_version=&#8221;4.17.4&#8243; _module_preset=&#8221;default&#8221; global_colors_info=&#8221;{}&#8221; open=&#8221;off&#8221;]<\/p>\n<p><span>Ja, det kan du. Alla barn f\u00e5r en placering p\u00e5 en skola i sin hemkommun. Men du har alltid r\u00e4tt att s\u00f6ka till en annan kommunal skola eller en frist\u00e5ende skola.<\/span><\/p>\n<p>[\/et_pb_accordion_item][et_pb_accordion_item title=&#8221;Vad \u00e4r en friskola?&#8221; _builder_version=&#8221;4.17.4&#8243; _module_preset=&#8221;default&#8221; global_colors_info=&#8221;{}&#8221; open=&#8221;off&#8221;]<\/p>\n<p><span>En frist\u00e5ende skola drivs inte av \u201dden\u201d offentliga sektorn. Bruksskolan f\u00f6ljer l\u00e4roplanen, lagar och f\u00f6rordningar som g\u00e4ller f\u00f6r alla grundskolor.<\/span><\/p>\n<p>[\/et_pb_accordion_item][et_pb_accordion_item title=&#8221;Vad skiljer Bruksskolan fr\u00e5n andra grundskolor?&#8221; open=&#8221;off&#8221; _builder_version=&#8221;4.21.0&#8243; _module_preset=&#8221;default&#8221; global_colors_info=&#8221;{}&#8221;]<\/p>\n<p><span>Bruksskolan \u00e4r en frist\u00e5ende skola med kristen v\u00e4rdegrund. Vi startar varje dag med en v\u00e4rdegrundssamling d\u00e4r vi exempelvis pratar om hur man \u00e4r mot varandra samt arbetar aktivt med v\u00e4rdegrundsfr\u00e5gor i situationer som uppst\u00e5r. Vi tar ocks\u00e5 emot f\u00e4rre elever. Det g\u00f6r att vi har mindre klasser och l\u00e4ttare kan anpassa undervisningen efter den enskilda individen.<\/span><\/p>\n<p>[\/et_pb_accordion_item][et_pb_accordion_item title=&#8221;Hur arbetar ni f\u00f6r en trygg milj\u00f6?&#8221; _builder_version=&#8221;4.17.4&#8243; _module_preset=&#8221;default&#8221; global_colors_info=&#8221;{}&#8221; open=&#8221;off&#8221;]<\/p>\n<p><span>Vi har nolltolerans mot kr\u00e4nkande beteende och arbetar kontinuerligt f\u00f6r en trygg milj\u00f6 f\u00f6r elever och personal.<\/span><\/p>\n<p>[\/et_pb_accordion_item][et_pb_accordion_item title=&#8221;Kostar det n\u00e5gonting att g\u00e5 p\u00e5 Bruksskolan?&#8221; _builder_version=&#8221;4.21.0&#8243; _module_preset=&#8221;default&#8221; hover_enabled=&#8221;0&#8243; global_colors_info=&#8221;{}&#8221; open=&#8221;on&#8221; sticky_enabled=&#8221;0&#8243;]<\/p>\n<p>Nej, det g\u00f6r det inte. Vi finansieras av kommunala bidrag och tar inte ut elevavgifter.<\/p>\n<p>[\/et_pb_accordion_item][et_pb_accordion_item title=&#8221;Vad h\u00e4nder om Bruksskolan g\u00e5r med vinst?&#8221; _builder_version=&#8221;4.17.4&#8243; _module_preset=&#8221;default&#8221; global_colors_info=&#8221;{}&#8221; open=&#8221;off&#8221;]<\/p>\n<p><span>Bruksskolan har inget vinstintresse utan allt handlar om att erbjuda en skola som ger eleverna en bra start i livet. Om verksamheten skulle g\u00e5 med vinst, \u00e5terinvesteras varenda krona i verksamheten.<\/span><\/p>\n<p>[\/et_pb_accordion_item][et_pb_accordion_item title=&#8221;Hur ans\u00f6ker jag om en plats p\u00e5 skolan?&#8221; _builder_version=&#8221;4.17.4&#8243; _module_preset=&#8221;default&#8221; global_colors_info=&#8221;{}&#8221; open=&#8221;off&#8221;]<\/p>\n<p><span>Fyll i formul\u00e4ret under \u201dAns\u00f6k\u201d, sedan kontaktar vi dig. Intresseanm\u00e4lan \u00e4r inte bindande<\/span><\/p>\n<p>[\/et_pb_accordion_item][et_pb_accordion_item title=&#8221;N\u00e4r ska ans\u00f6kan senast skickas in?&#8221; _builder_version=&#8221;4.17.4&#8243; _module_preset=&#8221;default&#8221; global_colors_info=&#8221;{}&#8221; open=&#8221;off&#8221;]<\/p>\n<p>Vi tar emot ans\u00f6kningar fortl\u00f6pande. Det g\u00e5r alltid att v\u00e4lja skola \u2013 \u00e4ven n\u00e4r terminen har b\u00f6rjat.<\/p>\n<p>[\/et_pb_accordion_item][\/et_pb_accordion][et_pb_text disabled_on=&#8221;off|off|on&#8221; _builder_version=&#8221;4.17.4&#8243; _module_preset=&#8221;default&#8221; text_font=&#8221;Rubik|700|||||||&#8221; text_text_color=&#8221;#000000&#8243; text_font_size=&#8221;18px&#8221; text_orientation=&#8221;center&#8221; animation_style=&#8221;slide&#8221; animation_direction=&#8221;bottom&#8221; animation_intensity_slide=&#8221;1%&#8221; text_text_color_tablet=&#8221;#000000&#8243; text_text_color_phone=&#8221;#000000&#8243; text_text_color_last_edited=&#8221;on|phone&#8221; global_colors_info=&#8221;{}&#8221;]<\/p>\n<p>Praktiska fr\u00e5gor<\/p>\n<p>[\/et_pb_text][\/et_pb_column][et_pb_column type=&#8221;1_2&#8243; _builder_version=&#8221;4.17.4&#8243; _module_preset=&#8221;default&#8221; global_colors_info=&#8221;{}&#8221;][et_pb_accordion open_toggle_text_color=&#8221;#0063AA&#8221; toggle_icon=&#8221;&#x3b;||divi||400&#8243; icon_color=&#8221;#0063AA&#8221; _builder_version=&#8221;4.17.4&#8243; _module_preset=&#8221;default&#8221; toggle_font=&#8221;|600|||||||&#8221; custom_margin=&#8221;-20px||||false|false&#8221; animation_style=&#8221;zoom&#8221; animation_intensity_zoom=&#8221;10%&#8221; toggle_line_height_tablet=&#8221;&#8221; toggle_line_height_phone=&#8221;1.1em&#8221; toggle_line_height_last_edited=&#8221;on|desktop&#8221; border_radii=&#8221;on|10px|10px|10px|10px&#8221; border_width_all=&#8221;2px&#8221; border_color_all=&#8221;#0063AA&#8221; global_colors_info=&#8221;{}&#8221;][et_pb_accordion_item title=&#8221;Var ligger skolan?&#8221; open=&#8221;on&#8221; _builder_version=&#8221;4.17.4&#8243; _module_preset=&#8221;default&#8221; global_colors_info=&#8221;{}&#8221;]<\/p>\n<p><span>Skolan \u00e4r bel\u00e4gen p\u00e5\u00a0<\/span><a href=\"https:\/\/maps.google.com\/?q=Mekanv%C3%A4gen+33&amp;entry=gmail&amp;source=g\" target=\"_blank\" rel=\"noopener\">Mekanv\u00e4gen 33<\/a><span>\u00a0i Ursviken.<\/span><\/p>\n<p>[\/et_pb_accordion_item][et_pb_accordion_item title=&#8221;Tar jag med egen mat?&#8221; _builder_version=&#8221;4.17.4&#8243; _module_preset=&#8221;default&#8221; global_colors_info=&#8221;{}&#8221; open=&#8221;off&#8221;]<\/p>\n<p><span>Nej, lunchen serveras i Brukskyrkans matsal och levereras av Restaurang K\u00f6ket.<\/span><\/p>\n<p>[\/et_pb_accordion_item][et_pb_accordion_item title=&#8221;Hur fungerar det om jag har specialkost?&#8221; _builder_version=&#8221;4.17.4&#8243; _module_preset=&#8221;default&#8221; global_colors_info=&#8221;{}&#8221; open=&#8221;off&#8221;]<\/p>\n<p><span>Eleverna erbjuds den mat som serveras enligt matsedel \u2013 undantag beviljas av medicinska, religi\u00f6sa och etiska sk\u00e4l. Vid undantag \u2013 kontakta skolsk\u00f6terskan.<\/span><\/p>\n<p>[\/et_pb_accordion_item][et_pb_accordion_item title=&#8221;Hur fungerar det med skolbuss?&#8221; _builder_version=&#8221;4.17.4&#8243; _module_preset=&#8221;default&#8221; global_colors_info=&#8221;{}&#8221; open=&#8221;off&#8221;]<\/p>\n<p><span>Eleverna i n\u00e4romr\u00e5det erbjuds skolskjuts. Vid fr\u00e5gor kring bussturen, kontakta skolan.<\/span><\/p>\n<p>[\/et_pb_accordion_item][et_pb_accordion_item title=&#8221;Hur fungerar det med f\u00f6rs\u00e4kring?&#8221; _builder_version=&#8221;4.17.4&#8243; _module_preset=&#8221;default&#8221; global_colors_info=&#8221;{}&#8221; open=&#8221;off&#8221;]<\/p>\n<p><span>Eleverna \u00e4r f\u00f6rs\u00e4krade via Trygg-Hansa och elevf\u00f6rs\u00e4kringen g\u00e4ller olycksfall b\u00e5de under skoltid och fritid. Vid olycka ombeds ni kontakta skolan f\u00f6r skadeanm\u00e4lan.<\/span><\/p>\n<p>[\/et_pb_accordion_item][et_pb_accordion_item title=&#8221;Hur kan jag kontakta er?&#8221; _builder_version=&#8221;4.17.4&#8243; _module_preset=&#8221;default&#8221; global_colors_info=&#8221;{}&#8221; open=&#8221;off&#8221;]<\/p>\n<p>Administration: 0910-797916<br \/>Rektor: P\u00e4r Augustin p<span>ar.augustin@bjorkskolan.se<\/span><\/p>\n<p>Ni \u00e4r v\u00e4lkomna att bes\u00f6ka oss. Kontakta oss innan s\u00e5 vi kan ta emot er p\u00e5 b\u00e4sta s\u00e4tt.<\/p>\n<p>Du hittar oss \u00e4ven p\u00e5 <a href=\"https:\/\/www.facebook.com\/bruksskolan.org\" target=\"_blank\" rel=\"noopener\">Facebook<\/a> och <a href=\"https:\/\/www.instagram.com\/bruksskolan\/\" target=\"_blank\" rel=\"noopener\">Instagram<\/a>; @bruksskolan.<\/p>\n<p>[\/et_pb_accordion_item][\/et_pb_accordion][\/et_pb_column][\/et_pb_row][\/et_pb_section]<\/p>\n","protected":false},"excerpt":{"rendered":"<p>Vanliga fr\u00e5gor och svarOm skolval och BruksskolanPraktiska fr\u00e5gorJa, det kan du. Alla barn f\u00e5r en placering p\u00e5 en skola i sin hemkommun. Men du har alltid r\u00e4tt att s\u00f6ka till en annan kommunal skola eller en frist\u00e5ende skola.En frist\u00e5ende skola drivs inte av \u201dden\u201d offentliga sektorn. Bruksskolan f\u00f6ljer l\u00e4roplanen, lagar och f\u00f6rordningar som g\u00e4ller f\u00f6r [&hellip;]<\/p>\n","protected":false},"author":1,"featured_media":208,"parent":0,"menu_order":0,"comment_status":"closed","ping_status":"closed","template":"","meta":{"_et_pb_use_builder":"on","_et_pb_old_content":"","_et_gb_content_width":"","footnotes":""},"class_list":["post-95","page","type-page","status-publish","has-post-thumbnail","hentry"],"yoast_head":"<!-- This site is optimized with the Yoast SEO plugin v27.4 - https:\/\/yoast.com\/product\/yoast-seo-wordpress\/ -->\n<title>Vanliga fr\u00e5gor och svar - Bruksskolan<\/title>\n<meta name=\"description\" content=\"Bruksskolan i Ursvikens officiella webbsida - L\u00e4s vanliga fr\u00e5gor och deras svar fr\u00e5n kategorierna &quot;Om skolval&quot; och &quot;Praktiska fr\u00e5gor&quot;\" \/>\n<meta name=\"robots\" content=\"index, follow, max-snippet:-1, max-image-preview:large, max-video-preview:-1\" \/>\n<link rel=\"canonical\" href=\"https:\/\/bruksskolan.org\/en\/vanliga-fragor-och-svar\/\" \/>\n<meta property=\"og:locale\" content=\"en_US\" \/>\n<meta property=\"og:type\" content=\"article\" \/>\n<meta property=\"og:title\" content=\"Vanliga fr\u00e5gor och svar - Bruksskolan\" \/>\n<meta property=\"og:description\" content=\"Bruksskolan i Ursvikens officiella webbsida - L\u00e4s vanliga fr\u00e5gor och deras svar fr\u00e5n kategorierna &quot;Om skolval&quot; och &quot;Praktiska fr\u00e5gor&quot;\" \/>\n<meta property=\"og:url\" content=\"https:\/\/bruksskolan.org\/en\/vanliga-fragor-och-svar\/\" \/>\n<meta property=\"og:site_name\" content=\"Bruksskolan\" \/>\n<meta property=\"article:publisher\" content=\"https:\/\/www.facebook.com\/bruksskolan.org\" \/>\n<meta property=\"article:modified_time\" content=\"2025-02-17T15:36:53+00:00\" \/>\n<meta property=\"og:image\" content=\"https:\/\/bruksskolan.org\/wp-content\/uploads\/2018\/02\/banner2.jpg\" \/>\n\t<meta property=\"og:image:width\" content=\"1250\" \/>\n\t<meta property=\"og:image:height\" content=\"520\" \/>\n\t<meta property=\"og:image:type\" content=\"image\/jpeg\" \/>\n<meta name=\"twitter:card\" content=\"summary_large_image\" \/>\n<script type=\"application\/ld+json\" class=\"yoast-schema-graph\">{\"@context\":\"https:\\\/\\\/schema.org\",\"@graph\":[{\"@type\":\"WebPage\",\"@id\":\"https:\\\/\\\/bruksskolan.org\\\/vanliga-fragor-och-svar\\\/\",\"url\":\"https:\\\/\\\/bruksskolan.org\\\/vanliga-fragor-och-svar\\\/\",\"name\":\"Vanliga fr\u00e5gor och svar - Bruksskolan\",\"isPartOf\":{\"@id\":\"https:\\\/\\\/bruksskolan.org\\\/#website\"},\"primaryImageOfPage\":{\"@id\":\"https:\\\/\\\/bruksskolan.org\\\/vanliga-fragor-och-svar\\\/#primaryimage\"},\"image\":{\"@id\":\"https:\\\/\\\/bruksskolan.org\\\/vanliga-fragor-och-svar\\\/#primaryimage\"},\"thumbnailUrl\":\"https:\\\/\\\/bruksskolan.org\\\/wp-content\\\/uploads\\\/2018\\\/02\\\/banner2.jpg\",\"datePublished\":\"2016-10-31T09:24:12+00:00\",\"dateModified\":\"2025-02-17T15:36:53+00:00\",\"description\":\"Bruksskolan i Ursvikens officiella webbsida - L\u00e4s vanliga fr\u00e5gor och deras svar fr\u00e5n kategorierna \\\"Om skolval\\\" och \\\"Praktiska fr\u00e5gor\\\"\",\"breadcrumb\":{\"@id\":\"https:\\\/\\\/bruksskolan.org\\\/vanliga-fragor-och-svar\\\/#breadcrumb\"},\"inLanguage\":\"en-US\",\"potentialAction\":[{\"@type\":\"ReadAction\",\"target\":[\"https:\\\/\\\/bruksskolan.org\\\/vanliga-fragor-och-svar\\\/\"]}]},{\"@type\":\"ImageObject\",\"inLanguage\":\"en-US\",\"@id\":\"https:\\\/\\\/bruksskolan.org\\\/vanliga-fragor-och-svar\\\/#primaryimage\",\"url\":\"https:\\\/\\\/bruksskolan.org\\\/wp-content\\\/uploads\\\/2018\\\/02\\\/banner2.jpg\",\"contentUrl\":\"https:\\\/\\\/bruksskolan.org\\\/wp-content\\\/uploads\\\/2018\\\/02\\\/banner2.jpg\",\"width\":1250,\"height\":520},{\"@type\":\"BreadcrumbList\",\"@id\":\"https:\\\/\\\/bruksskolan.org\\\/vanliga-fragor-och-svar\\\/#breadcrumb\",\"itemListElement\":[{\"@type\":\"ListItem\",\"position\":1,\"name\":\"Hem\",\"item\":\"https:\\\/\\\/bruksskolan.org\\\/\"},{\"@type\":\"ListItem\",\"position\":2,\"name\":\"Vanliga fr\u00e5gor och svar\"}]},{\"@type\":\"WebSite\",\"@id\":\"https:\\\/\\\/bruksskolan.org\\\/#website\",\"url\":\"https:\\\/\\\/bruksskolan.org\\\/\",\"name\":\"Bruksskolan\",\"description\":\"\",\"publisher\":{\"@id\":\"https:\\\/\\\/bruksskolan.org\\\/#organization\"},\"potentialAction\":[{\"@type\":\"SearchAction\",\"target\":{\"@type\":\"EntryPoint\",\"urlTemplate\":\"https:\\\/\\\/bruksskolan.org\\\/?s={search_term_string}\"},\"query-input\":{\"@type\":\"PropertyValueSpecification\",\"valueRequired\":true,\"valueName\":\"search_term_string\"}}],\"inLanguage\":\"en-US\"},{\"@type\":\"Organization\",\"@id\":\"https:\\\/\\\/bruksskolan.org\\\/#organization\",\"name\":\"Bruksskolan\",\"url\":\"https:\\\/\\\/bruksskolan.org\\\/\",\"logo\":{\"@type\":\"ImageObject\",\"inLanguage\":\"en-US\",\"@id\":\"https:\\\/\\\/bruksskolan.org\\\/#\\\/schema\\\/logo\\\/image\\\/\",\"url\":\"http:\\\/\\\/bruksskolan.org\\\/wp-content\\\/uploads\\\/2022\\\/07\\\/Bruks-liggande.png\",\"contentUrl\":\"http:\\\/\\\/bruksskolan.org\\\/wp-content\\\/uploads\\\/2022\\\/07\\\/Bruks-liggande.png\",\"width\":809,\"height\":147,\"caption\":\"Bruksskolan\"},\"image\":{\"@id\":\"https:\\\/\\\/bruksskolan.org\\\/#\\\/schema\\\/logo\\\/image\\\/\"},\"sameAs\":[\"https:\\\/\\\/www.facebook.com\\\/bruksskolan.org\",\"https:\\\/\\\/www.instagram.com\\\/bruksskolan\\\/\"]}]}<\/script>\n<!-- \/ Yoast SEO plugin. -->","yoast_head_json":{"title":"Frequently asked questions and answers - Bruksskolan","description":"The official website of the Ursviken School of Applied Sciences - Read frequently asked questions and their answers from the categories &quot;About school choice&quot; and &quot;Practical questions&quot;","robots":{"index":"index","follow":"follow","max-snippet":"max-snippet:-1","max-image-preview":"max-image-preview:large","max-video-preview":"max-video-preview:-1"},"canonical":"https:\/\/bruksskolan.org\/en\/vanliga-fragor-och-svar\/","og_locale":"en_US","og_type":"article","og_title":"Vanliga fr\u00e5gor och svar - Bruksskolan","og_description":"Bruksskolan i Ursvikens officiella webbsida - L\u00e4s vanliga fr\u00e5gor och deras svar fr\u00e5n kategorierna \"Om skolval\" och \"Praktiska fr\u00e5gor\"","og_url":"https:\/\/bruksskolan.org\/en\/vanliga-fragor-och-svar\/","og_site_name":"Bruksskolan","article_publisher":"https:\/\/www.facebook.com\/bruksskolan.org","article_modified_time":"2025-02-17T15:36:53+00:00","og_image":[{"width":1250,"height":520,"url":"https:\/\/bruksskolan.org\/wp-content\/uploads\/2018\/02\/banner2.jpg","type":"image\/jpeg"}],"twitter_card":"summary_large_image","schema":{"@context":"https:\/\/schema.org","@graph":[{"@type":"WebPage","@id":"https:\/\/bruksskolan.org\/vanliga-fragor-och-svar\/","url":"https:\/\/bruksskolan.org\/vanliga-fragor-och-svar\/","name":"Frequently asked questions and answers - Bruksskolan","isPartOf":{"@id":"https:\/\/bruksskolan.org\/#website"},"primaryImageOfPage":{"@id":"https:\/\/bruksskolan.org\/vanliga-fragor-och-svar\/#primaryimage"},"image":{"@id":"https:\/\/bruksskolan.org\/vanliga-fragor-och-svar\/#primaryimage"},"thumbnailUrl":"https:\/\/bruksskolan.org\/wp-content\/uploads\/2018\/02\/banner2.jpg","datePublished":"2016-10-31T09:24:12+00:00","dateModified":"2025-02-17T15:36:53+00:00","description":"The official website of the Ursviken School of Applied Sciences - Read frequently asked questions and their answers from the categories &quot;About school choice&quot; and &quot;Practical questions&quot;","breadcrumb":{"@id":"https:\/\/bruksskolan.org\/vanliga-fragor-och-svar\/#breadcrumb"},"inLanguage":"en-US","potentialAction":[{"@type":"ReadAction","target":["https:\/\/bruksskolan.org\/vanliga-fragor-och-svar\/"]}]},{"@type":"ImageObject","inLanguage":"en-US","@id":"https:\/\/bruksskolan.org\/vanliga-fragor-och-svar\/#primaryimage","url":"https:\/\/bruksskolan.org\/wp-content\/uploads\/2018\/02\/banner2.jpg","contentUrl":"https:\/\/bruksskolan.org\/wp-content\/uploads\/2018\/02\/banner2.jpg","width":1250,"height":520},{"@type":"BreadcrumbList","@id":"https:\/\/bruksskolan.org\/vanliga-fragor-och-svar\/#breadcrumb","itemListElement":[{"@type":"ListItem","position":1,"name":"Hem","item":"https:\/\/bruksskolan.org\/"},{"@type":"ListItem","position":2,"name":"Vanliga fr\u00e5gor och svar"}]},{"@type":"WebSite","@id":"https:\/\/bruksskolan.org\/#website","url":"https:\/\/bruksskolan.org\/","name":"Bruksskolan","description":"","publisher":{"@id":"https:\/\/bruksskolan.org\/#organization"},"potentialAction":[{"@type":"SearchAction","target":{"@type":"EntryPoint","urlTemplate":"https:\/\/bruksskolan.org\/?s={search_term_string}"},"query-input":{"@type":"PropertyValueSpecification","valueRequired":true,"valueName":"search_term_string"}}],"inLanguage":"en-US"},{"@type":"Organization","@id":"https:\/\/bruksskolan.org\/#organization","name":"Bruksskolan","url":"https:\/\/bruksskolan.org\/","logo":{"@type":"ImageObject","inLanguage":"en-US","@id":"https:\/\/bruksskolan.org\/#\/schema\/logo\/image\/","url":"http:\/\/bruksskolan.org\/wp-content\/uploads\/2022\/07\/Bruks-liggande.png","contentUrl":"http:\/\/bruksskolan.org\/wp-content\/uploads\/2022\/07\/Bruks-liggande.png","width":809,"height":147,"caption":"Bruksskolan"},"image":{"@id":"https:\/\/bruksskolan.org\/#\/schema\/logo\/image\/"},"sameAs":["https:\/\/www.facebook.com\/bruksskolan.org","https:\/\/www.instagram.com\/bruksskolan\/"]}]}},"_links":{"self":[{"href":"https:\/\/bruksskolan.org\/en\/wp-json\/wp\/v2\/pages\/95","targetHints":{"allow":["GET"]}}],"collection":[{"href":"https:\/\/bruksskolan.org\/en\/wp-json\/wp\/v2\/pages"}],"about":[{"href":"https:\/\/bruksskolan.org\/en\/wp-json\/wp\/v2\/types\/page"}],"author":[{"embeddable":true,"href":"https:\/\/bruksskolan.org\/en\/wp-json\/wp\/v2\/users\/1"}],"replies":[{"embeddable":true,"href":"https:\/\/bruksskolan.org\/en\/wp-json\/wp\/v2\/comments?post=95"}],"version-history":[{"count":5,"href":"https:\/\/bruksskolan.org\/en\/wp-json\/wp\/v2\/pages\/95\/revisions"}],"predecessor-version":[{"id":878,"href":"https:\/\/bruksskolan.org\/en\/wp-json\/wp\/v2\/pages\/95\/revisions\/878"}],"wp:featuredmedia":[{"embeddable":true,"href":"https:\/\/bruksskolan.org\/en\/wp-json\/wp\/v2\/media\/208"}],"wp:attachment":[{"href":"https:\/\/bruksskolan.org\/en\/wp-json\/wp\/v2\/media?parent=95"}],"curies":[{"name":"wp","href":"https:\/\/api.w.org\/{rel}","templated":true}]}}